{"id":139,"date":"2023-09-21T09:01:49","date_gmt":"2023-09-21T07:01:49","guid":{"rendered":"https:\/\/assoladerive.fr\/?page_id=139"},"modified":"2026-02-04T17:55:28","modified_gmt":"2026-02-04T16:55:28","slug":"outoftheblue","status":"publish","type":"page","link":"https:\/\/assoladerive.fr\/index.php\/outoftheblue\/","title":{"rendered":"Out of the Blue"},"content":{"rendered":"<style>\/*! elementor - v3.15.0 - 20-08-2023 *\/\n.elementor-widget-image{text-align:center}.elementor-widget-image a{display:inline-block}.elementor-widget-image a img[src$=\".svg\"]{width:48px}.elementor-widget-image img{vertical-align:middle;display:inline-block}<\/style>\n<p>\t\t\t\t\t\t\t\t\t\t\t\t<img decoding=\"async\" width=\"2001\" height=\"1290\" src=\"http:\/\/assoladerive.fr\/wp-content\/uploads\/2023\/09\/la-londeai-2-scaled-e1694601846468.jpg\" alt=\"\" loading=\"lazy\" srcset=\"https:\/\/assoladerive.fr\/wp-content\/uploads\/2023\/09\/la-londeai-2-scaled-e1694601846468.jpg 2001w, https:\/\/assoladerive.fr\/wp-content\/uploads\/2023\/09\/la-londeai-2-scaled-e1694601846468-300x193.jpg 300w, https:\/\/assoladerive.fr\/wp-content\/uploads\/2023\/09\/la-londeai-2-scaled-e1694601846468-1024x660.jpg 1024w, https:\/\/assoladerive.fr\/wp-content\/uploads\/2023\/09\/la-londeai-2-scaled-e1694601846468-768x495.jpg 768w, https:\/\/assoladerive.fr\/wp-content\/uploads\/2023\/09\/la-londeai-2-scaled-e1694601846468-1536x990.jpg 1536w\" sizes=\"auto, (max-width: 2001px) 100vw, 2001px\" \/>\t\t\t\t\t\t\t\t\t\t\t\t\t\t\t<\/p>\n<style>\/*! elementor - v3.15.0 - 20-08-2023 *\/\n.elementor-heading-title{padding:0;margin:0;line-height:1}.elementor-widget-heading .elementor-heading-title[class*=elementor-size-]>a{color:inherit;font-size:inherit;line-height:inherit}.elementor-widget-heading .elementor-heading-title.elementor-size-small{font-size:15px}.elementor-widget-heading .elementor-heading-title.elementor-size-medium{font-size:19px}.elementor-widget-heading .elementor-heading-title.elementor-size-large{font-size:29px}.elementor-widget-heading .elementor-heading-title.elementor-size-xl{font-size:39px}.elementor-widget-heading .elementor-heading-title.elementor-size-xxl{font-size:59px}<\/style>\n<h2>Out of the blue<\/h2>\n<p>\t\t Cr\u00e9ation 2022 \/ Dur\u00e9e 1h \/ A partir de 6 ans <\/p>\n<p>Immerg\u00e9s dans un aquarium g\u00e9ant, Fr\u00e9d\u00e9ri Vernier et S\u00e9bastien Davis VanGelder font de l\u2019apn\u00e9e une nouvelle discipline de cirque !\u00a0<\/p>\n<p>Faisant dialoguer sous l\u2019eau qualit\u00e9 chor\u00e9graphique et capacit\u00e9 respiratoire, les deux circassiens reconnectent l\u2019humain avec ses capacit\u00e9s aquatiques, originelles et primitives.\u00a0Entre deux inspirations, ils offrent une plong\u00e9e dans le pr\u00e9sent, au plus profond de nous-m\u00eames.\u00a0<\/p>\n<p>\u00a0<\/p>\n<p>Out of the blue invite \u00e0 reprendre contact avec l\u2019eau, \u00e0 \u00e9veiller nos sens et nos instincts primitifs. Une performance unique, o\u00f9 la r\u00e9alit\u00e9 du monde terrestre laisse place \u00e0 la r\u00eaverie du monde aquatique.\u00a0<\/p>\n<p style=\"margin: 0px; font-stretch: normal; line-height: normal; font-family: Avenir;\"><b><strong>\/\/ CR\u00c9ATION ET INTERPR\u00c9TATION :<\/strong> <\/b>Fr\u00e9d\u00e9ri Vernier, S\u00e9bastien Davis-VanGelder<\/p>\n<p style=\"margin: 0px; font-stretch: normal; line-height: normal; font-family: Avenir;\"><b><strong>\/\/ REGARD EXT\u00c9RIEUR :<\/strong><\/b> Mathieu Despoisse<\/p>\n<p style=\"margin: 0px; font-stretch: normal; line-height: normal; font-family: Avenir;\"><b><strong>\/\/ DRAMATURGIE : <\/strong><\/b>Delphine Lanson<\/p>\n<p style=\"margin: 0px; font-stretch: normal; line-height: normal; font-family: Avenir;\"><b><strong>\/\/ R\u00c9GIE G\u00c9N\u00c9RALE : <\/strong><\/b> Nicolas Julliand<\/p>\n<p style=\"margin: 0px; font-stretch: normal; line-height: normal; font-family: Avenir;\"><b><strong>\/\/ CR\u00c9ATION LUMI\u00c8RE :<\/strong><\/b> Vincent Griffaut<\/p>\n<p style=\"margin: 0px; font-stretch: normal; line-height: normal; font-family: Avenir;\"><b><strong>\/\/ CR\u00c9ATION SONORE :<\/strong><\/b> Hans Kunze<\/p>\n<p style=\"margin: 0px; font-stretch: normal; line-height: normal; font-family: Avenir;\"><b><strong>\/\/ ENTRAINEMENT APNEE : <\/strong><\/b> R\u00e9my Dubern<\/p>\n<p style=\"margin: 0px; font-stretch: normal; line-height: normal; font-family: Avenir;\"><b><strong> \/\/ CONSTRUCTION :<\/strong><\/b> Franz Clochard \u2013 M\u00e9canique vivante<\/p>\n<p style=\"margin: 0px; font-stretch: normal; line-height: normal; font-family: Avenir;\"><b><strong>\/\/ ACCESSOIRES et COSTUMES :<\/strong><\/b> Emmanuelle Grobet<\/p>\n<p style=\"margin: 0px; font-stretch: normal; line-height: normal; font-family: Avenir;\"><b><strong> \/\/ PRODUCTION et DIFFUSION :<\/strong><\/b> AY-ROOP &amp; LA DERIVE<\/p>\n<p style=\"margin: 0px; font-stretch: normal; line-height: normal; font-family: Avenir;\"><b>\u00a0<\/b><\/p>\n<p style=\"margin: 0px; font-stretch: normal; line-height: normal; font-family: Avenir;\"><b><strong> \/\/ COPRODUCTIONS\u00a0: <\/strong><\/b> La Maison, Sc\u00e8ne conventionn\u00e9e Art en territoire, Nevers \/ Plateforme 2 P\u00f4les Cirque en Normandie &#8211; La Br\u00e8che \u00e0 Cherbourg et Le Cirque-Th\u00e9\u00e2tre d\u2019Elbeuf \/ Th\u00e9\u00e2tre Firmin G\u00e9mier, La Piscine, PNC, Antony \/ La Passerelle SN, Gap \/ Espace Malraux, SN, Chamb\u00e9ry \/ Le Sirque, PNC, Nexon \/ Le Carr\u00e9 Magique, PNC, Lannion \/ Culture Commune, SN du bassin minier du Pas-de-Calais, Loos-en-Gohelle \/ Les Halles de Schaerbeek, Bruxelles \/ Festival Paris l\u2019\u00e9t\u00e9.<\/p>\n<p style=\"margin: 0px; font-stretch: normal; line-height: normal; font-family: Avenir;\"><b>\u00a0<\/b><\/p>\n<p style=\"margin: 0px; font-stretch: normal; line-height: normal; font-family: Avenir;\"><b><strong> \/\/ SOUTIENS : <\/strong><\/b> Ville de Rennes\/ R\u00e9gion Bretagne\/ DRAC Nouvelle Aquitaine \/ DGCA Circa PNC, Auch\/ Blue Addiction<\/p>\n<p><b><strong> \/\/ CONTACT <\/strong> <\/b><\/p>\n<p style=\"margin: 0px; font-stretch: normal; font-size: 15px; line-height: normal; font-family: Avenir;\"><b>Diffusion&nbsp;<\/b>: pauline@ay-roop.com &nbsp;<\/p>\n<p style=\"margin: 0px; font-stretch: normal; font-size: 15px; line-height: normal; font-family: Avenir;\"><b>Artistiques : <\/b>frederivernier@gmail.com \/ zaodavis@gmail.com<\/p>\n<p style=\"margin: 0px; font-stretch: normal; font-size: 15px; line-height: normal; font-family: Avenir;\"><b>Technique : <\/b>vincentgriffaut@yahoo.fr<\/p>\n<style>\/*! elementor - v3.15.0 - 20-08-2023 *\/\n.elementor-widget-social-icons.elementor-grid-0 .elementor-widget-container,.elementor-widget-social-icons.elementor-grid-mobile-0 .elementor-widget-container,.elementor-widget-social-icons.elementor-grid-tablet-0 .elementor-widget-container{line-height:1;font-size:0}.elementor-widget-social-icons:not(.elementor-grid-0):not(.elementor-grid-tablet-0):not(.elementor-grid-mobile-0) .elementor-grid{display:inline-grid}.elementor-widget-social-icons .elementor-grid{grid-column-gap:var(--grid-column-gap,5px);grid-row-gap:var(--grid-row-gap,5px);grid-template-columns:var(--grid-template-columns);justify-content:var(--justify-content,center);justify-items:var(--justify-content,center)}.elementor-icon.elementor-social-icon{font-size:var(--icon-size,25px);line-height:var(--icon-size,25px);width:calc(var(--icon-size, 25px) + (2 * var(--icon-padding, .5em)));height:calc(var(--icon-size, 25px) + (2 * var(--icon-padding, .5em)))}.elementor-social-icon{--e-social-icon-icon-color:#fff;display:inline-flex;background-color:#69727d;align-items:center;justify-content:center;text-align:center;cursor:pointer}.elementor-social-icon i{color:var(--e-social-icon-icon-color)}.elementor-social-icon svg{fill:var(--e-social-icon-icon-color)}.elementor-social-icon:last-child{margin:0}.elementor-social-icon:hover{opacity:.9;color:#fff}.elementor-social-icon-android{background-color:#a4c639}.elementor-social-icon-apple{background-color:#999}.elementor-social-icon-behance{background-color:#1769ff}.elementor-social-icon-bitbucket{background-color:#205081}.elementor-social-icon-codepen{background-color:#000}.elementor-social-icon-delicious{background-color:#39f}.elementor-social-icon-deviantart{background-color:#05cc47}.elementor-social-icon-digg{background-color:#005be2}.elementor-social-icon-dribbble{background-color:#ea4c89}.elementor-social-icon-elementor{background-color:#d30c5c}.elementor-social-icon-envelope{background-color:#ea4335}.elementor-social-icon-facebook,.elementor-social-icon-facebook-f{background-color:#3b5998}.elementor-social-icon-flickr{background-color:#0063dc}.elementor-social-icon-foursquare{background-color:#2d5be3}.elementor-social-icon-free-code-camp,.elementor-social-icon-freecodecamp{background-color:#006400}.elementor-social-icon-github{background-color:#333}.elementor-social-icon-gitlab{background-color:#e24329}.elementor-social-icon-globe{background-color:#69727d}.elementor-social-icon-google-plus,.elementor-social-icon-google-plus-g{background-color:#dd4b39}.elementor-social-icon-houzz{background-color:#7ac142}.elementor-social-icon-instagram{background-color:#262626}.elementor-social-icon-jsfiddle{background-color:#487aa2}.elementor-social-icon-link{background-color:#818a91}.elementor-social-icon-linkedin,.elementor-social-icon-linkedin-in{background-color:#0077b5}.elementor-social-icon-medium{background-color:#00ab6b}.elementor-social-icon-meetup{background-color:#ec1c40}.elementor-social-icon-mixcloud{background-color:#273a4b}.elementor-social-icon-odnoklassniki{background-color:#f4731c}.elementor-social-icon-pinterest{background-color:#bd081c}.elementor-social-icon-product-hunt{background-color:#da552f}.elementor-social-icon-reddit{background-color:#ff4500}.elementor-social-icon-rss{background-color:#f26522}.elementor-social-icon-shopping-cart{background-color:#4caf50}.elementor-social-icon-skype{background-color:#00aff0}.elementor-social-icon-slideshare{background-color:#0077b5}.elementor-social-icon-snapchat{background-color:#fffc00}.elementor-social-icon-soundcloud{background-color:#f80}.elementor-social-icon-spotify{background-color:#2ebd59}.elementor-social-icon-stack-overflow{background-color:#fe7a15}.elementor-social-icon-steam{background-color:#00adee}.elementor-social-icon-stumbleupon{background-color:#eb4924}.elementor-social-icon-telegram{background-color:#2ca5e0}.elementor-social-icon-thumb-tack{background-color:#1aa1d8}.elementor-social-icon-tripadvisor{background-color:#589442}.elementor-social-icon-tumblr{background-color:#35465c}.elementor-social-icon-twitch{background-color:#6441a5}.elementor-social-icon-twitter{background-color:#1da1f2}.elementor-social-icon-viber{background-color:#665cac}.elementor-social-icon-vimeo{background-color:#1ab7ea}.elementor-social-icon-vk{background-color:#45668e}.elementor-social-icon-weibo{background-color:#dd2430}.elementor-social-icon-weixin{background-color:#31a918}.elementor-social-icon-whatsapp{background-color:#25d366}.elementor-social-icon-wordpress{background-color:#21759b}.elementor-social-icon-xing{background-color:#026466}.elementor-social-icon-yelp{background-color:#af0606}.elementor-social-icon-youtube{background-color:#cd201f}.elementor-social-icon-500px{background-color:#0099e5}.elementor-shape-rounded .elementor-icon.elementor-social-icon{border-radius:10%}.elementor-shape-circle .elementor-icon.elementor-social-icon{border-radius:50%}<\/style>\n<p>\t\t\t\t\t<a href=\"https:\/\/www.facebook.com\/outoftheblue.circus.show\" target=\"_blank\"><br \/>\n\t\t\t\t\t\tFacebook<br \/>\n\t\t\t\t\t\t\t\t\t\t\t<\/a><br \/>\n\t\t\t\t\t<a href=\"https:\/\/www.instagram.com\/outoftheblue.circus.show\/\" target=\"_blank\"><br \/>\n\t\t\t\t\t\tInstagram<br \/>\n\t\t\t\t\t\t\t\t\t\t\t<\/a><br \/>\n\t\t\t\t\t<a href=\"https:\/\/vimeo.com\/user158654040\" target=\"_blank\"><br \/>\n\t\t\t\t\t\tVimeo<br \/>\n\t\t\t\t\t\t\t\t\t\t\t<\/a><br \/>\n\t\t<iframe loading=\"lazy\" title=\"OUT OF THE BLUE \/ Cirque immerg\u00e9 -Teaser\" src=\"https:\/\/player.vimeo.com\/video\/649685658?dnt=1&amp;app_id=122963\" width=\"800\" height=\"450\" frameborder=\"0\" allow=\"autoplay; fullscreen; picture-in-picture; clipboard-write; encrypted-media; web-share\" referrerpolicy=\"strict-origin-when-cross-origin\"><\/iframe>\t\t<\/p>\n<style>\/*! elementor - v3.15.0 - 20-08-2023 *\/\n.elementor-widget-image-carousel .swiper,.elementor-widget-image-carousel .swiper-container{position:static}.elementor-widget-image-carousel .swiper-container .swiper-slide figure,.elementor-widget-image-carousel .swiper .swiper-slide figure{line-height:inherit}.elementor-widget-image-carousel .swiper-slide{text-align:center}.elementor-image-carousel-wrapper:not(.swiper-container-initialized):not(.swiper-initialized) .swiper-slide{max-width:calc(100% \/ var(--e-image-carousel-slides-to-show, 3))}<\/style>\n<figure><img decoding=\"async\" src=\"http:\/\/assoladerive.fr\/wp-content\/uploads\/2025\/12\/Out-of-the-blue-01-\u00a9Kalimba-1024x683.jpg\" alt=\"\u00a9 Kalimba\" \/><figcaption>\u00a9 Kalimba<\/figcaption><\/figure>\n<figure><img decoding=\"async\" src=\"http:\/\/assoladerive.fr\/wp-content\/uploads\/2025\/12\/Out-of-the-blue-03-\u00a9Kalimba-1024x683.jpg\" alt=\"\u00a9 Kalimba\" \/><figcaption>\u00a9 Kalimba<\/figcaption><\/figure>\n<figure><img decoding=\"async\" src=\"http:\/\/assoladerive.fr\/wp-content\/uploads\/2023\/09\/OOTB-A\u00a9-Antoine-Soubigou_10-1024x683.jpg\" alt=\"\u00a9 Antoine Soubigou\" \/><figcaption>\u00a9 Antoine Soubigou<\/figcaption><\/figure>\n<figure><img decoding=\"async\" src=\"http:\/\/assoladerive.fr\/wp-content\/uploads\/2023\/09\/OOTB-A\u00a9-Antoine-Soubigou_2-1024x683.jpg\" alt=\"\u00a9 Antoine Soubigou\" \/><figcaption>\u00a9 Antoine Soubigou<\/figcaption><\/figure>\n<figure><img decoding=\"async\" src=\"http:\/\/assoladerive.fr\/wp-content\/uploads\/2023\/09\/OOTB-A\u00a9-Antoine-Soubigou_1-1024x683.jpg\" alt=\"\u00a9 Antoine Soubigou\" \/><figcaption>\u00a9 Antoine Soubigou<\/figcaption><\/figure>\n<figure><img decoding=\"async\" src=\"http:\/\/assoladerive.fr\/wp-content\/uploads\/2023\/09\/la-londegg-scaled-e1694979507285-1024x682.jpg\" alt=\"\u00a9 Gaetan Fritsch\" \/><figcaption>\u00a9 Gaetan Fritsch<\/figcaption><\/figure>\n<h2>Prochaines repr\u00e9sentations<\/h2>\n<p>\t\t\t<!=========Events minimal-list Template 1.6.3=========><\/p>\n<h3>There is no Event<\/h3>\n<style>\/*! elementor - v3.15.0 - 20-08-2023 *\/\n.elementor-accordion{text-align:left}.elementor-accordion .elementor-accordion-item{border:1px solid #d5d8dc}.elementor-accordion .elementor-accordion-item+.elementor-accordion-item{border-top:none}.elementor-accordion .elementor-tab-title{margin:0;padding:15px 20px;font-weight:700;line-height:1;cursor:pointer;outline:none}.elementor-accordion .elementor-tab-title .elementor-accordion-icon{display:inline-block;width:1.5em}.elementor-accordion .elementor-tab-title .elementor-accordion-icon svg{width:1em;height:1em}.elementor-accordion .elementor-tab-title .elementor-accordion-icon.elementor-accordion-icon-right{float:right;text-align:right}.elementor-accordion .elementor-tab-title .elementor-accordion-icon.elementor-accordion-icon-left{float:left;text-align:left}.elementor-accordion .elementor-tab-title .elementor-accordion-icon .elementor-accordion-icon-closed{display:block}.elementor-accordion .elementor-tab-title .elementor-accordion-icon .elementor-accordion-icon-opened,.elementor-accordion .elementor-tab-title.elementor-active .elementor-accordion-icon-closed{display:none}.elementor-accordion .elementor-tab-title.elementor-active .elementor-accordion-icon-opened{display:block}.elementor-accordion .elementor-tab-content{display:none;padding:15px 20px;border-top:1px solid #d5d8dc}@media (max-width:767px){.elementor-accordion .elementor-tab-title{padding:12px 15px}.elementor-accordion .elementor-tab-title .elementor-accordion-icon{width:1.2em}.elementor-accordion .elementor-tab-content{padding:7px 15px}}.e-con-inner>.elementor-widget-accordion,.e-con>.elementor-widget-accordion{width:var(--container-widget-width);--flex-grow:var(--container-widget-flex-grow)}<\/style>\n<p>\t\t\t\t\t\t\t\t\t\t\t\t<a tabindex=\"0\">Ils sont pass\u00e9s par l\u00e0<\/a><\/p>\n<p>La Br\u00e8che &#8211; Cherbourg<\/p>\n<p>Carr\u00e9 Magique &#8211; Lannion<\/p>\n<p>La Maison &#8211; Nevers<\/p>\n<p>Le Monfort\/festival Paris l&rsquo;\u00e9t\u00e9 &#8211; Paris<\/p>\n<p>La Passerelle &#8211; Gap<\/p>\n<p>La Crat\u00e8re &#8211; Al\u00e8s<\/p>\n<p>Circa &#8211; Auch<\/p>\n<p>Cirque th\u00e9\u00e2tre &#8211; Elbeuf<\/p>\n<p>La M\u00e9gisserie &#8211; St Junien<\/p>\n<p>Les Halles de Schaerbeek &#8211; Bruxelles\u00a0<\/p>\n<p>Festival Les \u00c9lanc\u00e9es &#8211; Miramas<\/p>\n<p>L&rsquo;Empreinte &#8211; Brive-la-gaillarde\u00a0<\/p>\n<p>Mad festival &#8211; Anvers<\/p>\n<p>La Coursive &#8211; La Rochelle<\/p>\n<p>Le p\u00f4le &#8211; La Seyne-sur-Mer<\/p>\n<p>Le PPCM &#8211; Bagneux<\/p>\n<p>Les 3 T &#8211; Chatellerault<\/p>\n<p>\u00a0<\/p>\n<p>\t\t\t\t\t\t\t\t\t\t\t\t<a tabindex=\"0\">Actions culturelles<\/a><\/p>\n<p><a href=\"http:\/\/assoladerive.fr\/wp-content\/uploads\/2023\/11\/dossier-pedagogique-OOTB.pdf\">dossier p\u00e9dagogique OOTB<\/a><\/p>\n","protected":false},"excerpt":{"rendered":"<p>Out of the blue Cr\u00e9ation 2022 \/ Dur\u00e9e 1h \/ A partir de 6 ans Immerg\u00e9s dans un aquarium g\u00e9ant, Fr\u00e9d\u00e9ri Vernier et S\u00e9bastien Davis VanGelder font de l\u2019apn\u00e9e une [&hellip;]<\/p>\n","protected":false},"author":1,"featured_media":0,"parent":0,"menu_order":0,"comment_status":"closed","ping_status":"closed","template":"","meta":{"footnotes":""},"class_list":["post-139","page","type-page","status-publish","hentry"],"acf":[],"_links":{"self":[{"href":"https:\/\/assoladerive.fr\/index.php\/wp-json\/wp\/v2\/pages\/139","targetHints":{"allow":["GET"]}}],"collection":[{"href":"https:\/\/assoladerive.fr\/index.php\/wp-json\/wp\/v2\/pages"}],"about":[{"href":"https:\/\/assoladerive.fr\/index.php\/wp-json\/wp\/v2\/types\/page"}],"author":[{"embeddable":true,"href":"https:\/\/assoladerive.fr\/index.php\/wp-json\/wp\/v2\/users\/1"}],"replies":[{"embeddable":true,"href":"https:\/\/assoladerive.fr\/index.php\/wp-json\/wp\/v2\/comments?post=139"}],"version-history":[{"count":120,"href":"https:\/\/assoladerive.fr\/index.php\/wp-json\/wp\/v2\/pages\/139\/revisions"}],"predecessor-version":[{"id":1415,"href":"https:\/\/assoladerive.fr\/index.php\/wp-json\/wp\/v2\/pages\/139\/revisions\/1415"}],"wp:attachment":[{"href":"https:\/\/assoladerive.fr\/index.php\/wp-json\/wp\/v2\/media?parent=139"}],"curies":[{"name":"wp","href":"https:\/\/api.w.org\/{rel}","templated":true}]}}